{"id":192,"date":"2026-03-16T11:28:59","date_gmt":"2026-03-16T14:28:59","guid":{"rendered":"https:\/\/www.iotbras.com\/?post_type=product&#038;p=192"},"modified":"2026-03-16T11:29:00","modified_gmt":"2026-03-16T14:29:00","slug":"webocorrencias-sistema-para-controle-de-ocorrencias","status":"publish","type":"product","link":"https:\/\/www.iotbras.com\/?product=webocorrencias-sistema-para-controle-de-ocorrencias","title":{"rendered":"WebOcorr\u00eancias &#8211; Sistema para Controle de Ocorr\u00eancias"},"content":{"rendered":"<p><strong>O sistema WebOcorr\u00eancias permite um controle r\u00e1pido e f\u00e1cil das ocorr\u00eancias em sua institui\u00e7\u00e3o.<\/strong><\/p>\n<p>&nbsp;<\/p>\n<p>Ele \u00e9 totalmente online e n\u00e3o necessita instala\u00e7\u00e3o. \u00c9 compat\u00edvel com computadores e celulares.<\/p>\n<p>Voc\u1ebd s\u00f3 precisa cadastrar sua institui\u00e7\u00e3o e come\u00e7ar a usar.<\/p>\n<p>&nbsp;<\/p>\n<p><strong>Principais Recursos<\/strong><\/p>\n<ul>\n<li>Permite personalizar os tipos de ocorr\u00eancias.<\/li>\n<li>Permite personalizar os status de ocorr\u00eancias.<\/li>\n<li>Relat\u00f3rios gerais e por indiv\u00edduo.<\/li>\n<li>Multi-institui\u00e7\u00e3o, permite que o mesmo usu\u00e1rio use o sistema para institui\u00e7\u00f5es diferentes.<\/li>\n<li>Possui controle de acesso.<\/li>\n<li>Totalmente em nuvem com backup di\u00e1rio.<\/li>\n<\/ul>\n<p>&nbsp;<\/p>\n<p>Pode ser utilizado por escolas, faculdades, empresas e outras insitui\u00e7\u00f5es.<\/p>\n<p>&nbsp;<\/p>\n<p>Quer testar gr\u00e1tis?<\/p>\n<p>Acesse: <a href=\"https:\/\/www.webocorrencias.com.br\/\">https:\/\/www.webocorrencias.com.br\/<\/a><\/p>\n<p>&nbsp;<\/p>\n","protected":false},"excerpt":{"rendered":"<p>Sistema online para registro de ocorr\u00eancias escolares. Consulte hist\u00f3rico, gere relat\u00f3rios e melhore a comunica\u00e7\u00e3o entre escola e respons\u00e1veis.<\/p>\n","protected":false},"featured_media":197,"comment_status":"open","ping_status":"closed","template":"","meta":{"_themeisle_gutenberg_block_has_review":false},"product_brand":[],"product_cat":[20],"product_tag":[],"class_list":{"0":"post-192","1":"product","2":"type-product","3":"status-publish","4":"has-post-thumbnail","6":"product_cat-sem-categoria","8":"first","9":"instock","10":"shipping-taxable","11":"product-type-external"},"_links":{"self":[{"href":"https:\/\/www.iotbras.com\/index.php?rest_route=\/wp\/v2\/product\/192","targetHints":{"allow":["GET"]}}],"collection":[{"href":"https:\/\/www.iotbras.com\/index.php?rest_route=\/wp\/v2\/product"}],"about":[{"href":"https:\/\/www.iotbras.com\/index.php?rest_route=\/wp\/v2\/types\/product"}],"replies":[{"embeddable":true,"href":"https:\/\/www.iotbras.com\/index.php?rest_route=%2Fwp%2Fv2%2Fcomments&post=192"}],"wp:featuredmedia":[{"embeddable":true,"href":"https:\/\/www.iotbras.com\/index.php?rest_route=\/wp\/v2\/media\/197"}],"wp:attachment":[{"href":"https:\/\/www.iotbras.com\/index.php?rest_route=%2Fwp%2Fv2%2Fmedia&parent=192"}],"wp:term":[{"taxonomy":"product_brand","embeddable":true,"href":"https:\/\/www.iotbras.com\/index.php?rest_route=%2Fwp%2Fv2%2Fproduct_brand&post=192"},{"taxonomy":"product_cat","embeddable":true,"href":"https:\/\/www.iotbras.com\/index.php?rest_route=%2Fwp%2Fv2%2Fproduct_cat&post=192"},{"taxonomy":"product_tag","embeddable":true,"href":"https:\/\/www.iotbras.com\/index.php?rest_route=%2Fwp%2Fv2%2Fproduct_tag&post=192"}],"curies":[{"name":"wp","href":"https:\/\/api.w.org\/{rel}","templated":true}]}}