{"id":176,"date":"2025-02-16T15:22:04","date_gmt":"2025-02-16T18:22:04","guid":{"rendered":"https:\/\/www.iotbras.com\/?post_type=product&#038;p=176"},"modified":"2025-02-16T15:30:24","modified_gmt":"2025-02-16T18:30:24","slug":"webhorario-sistema-para-fazer-horario-escolar","status":"publish","type":"product","link":"https:\/\/www.iotbras.com\/?product=webhorario-sistema-para-fazer-horario-escolar","title":{"rendered":"WebHor\u00e1rio &#8211; Sistema para Fazer Hor\u00e1rio Escolar"},"content":{"rendered":"<h2>Quer ter mais facilidade com o hor\u00e1rio escolar?<\/h2>\n<p>Com o moderno WebHor\u00e1rio voc\u00ea resolve o hor\u00e1rio escolar de forma simples e r\u00e1pida.<\/p>\n<p>&nbsp;<\/p>\n<p>O WebHor\u00e1rio \u00e9 um sistema online que facilita a cria\u00e7\u00e3o e gerenciamento do hor\u00e1rio escolar.<\/p>\n<p>Voc\u00ea s\u00f3 precisa cadastrar as turmas, os professores e a as suas restri\u00e7\u00f5es e as aulas por turma.<\/p>\n<p>O sistema montar\u00e1 um hor\u00e1rio sem choques e ainda respeitar\u00e1 as restri\u00e7\u00f5es de cada professor.<\/p>\n<p>&nbsp;<\/p>\n<p><strong>Principais Recursos<\/strong><\/p>\n<ul>\n<li>Aulas com mais de um professor<\/li>\n<li>Cadastros f\u00e1ceis<\/li>\n<li>Resolvedor autom\u00e1tico<\/li>\n<li>Link p\u00fablico para o hor\u00e1rio geral, hor\u00e1rio por professor e por turma.<\/li>\n<\/ul>\n<p>&nbsp;<\/p>\n<p><strong>Quer saber mais?<\/strong><\/p>\n<p>Acesse o manual aqui: <a href=\"https:\/\/www.webhorario.com.br\/manual.php\">https:\/\/www.webhorario.com.br\/manual.php<\/a><\/p>\n<p>&nbsp;<\/p>\n<p style=\"text-align: center;\"><strong>Como adquirir? <\/strong><\/p>\n<p style=\"text-align: center;\">Compre a sua licen\u00e7a direto no site<\/p>\n<p style=\"text-align: center;\"><a href=\"https:\/\/www.webhorario.com.br\/\">https:\/\/www.webhorario.com.br\/<\/a><\/p>\n<p>&nbsp;<\/p>\n","protected":false},"excerpt":{"rendered":"<p>O WebHor\u00e1rio \u00e9 um sistema online para criar hor\u00e1rio escolar.<\/p>\n<p>Voc\u00ea s\u00f3 precisa cadastrar as turmas, os professores com suas restri\u00e7\u00f5es e as aulas por turma.<\/p>\n<p>O sistema montar\u00e1 um hor\u00e1rio sem choques e ainda respeitar\u00e1 as restri\u00e7\u00f5es de cada professor.<\/p>\n","protected":false},"featured_media":178,"comment_status":"open","ping_status":"closed","template":"","meta":{"_themeisle_gutenberg_block_has_review":false},"product_brand":[],"product_cat":[23],"product_tag":[],"class_list":{"0":"post-176","1":"product","2":"type-product","3":"status-publish","4":"has-post-thumbnail","6":"product_cat-software","8":"first","9":"instock","10":"shipping-taxable","11":"product-type-external"},"_links":{"self":[{"href":"https:\/\/www.iotbras.com\/index.php?rest_route=\/wp\/v2\/product\/176","targetHints":{"allow":["GET"]}}],"collection":[{"href":"https:\/\/www.iotbras.com\/index.php?rest_route=\/wp\/v2\/product"}],"about":[{"href":"https:\/\/www.iotbras.com\/index.php?rest_route=\/wp\/v2\/types\/product"}],"replies":[{"embeddable":true,"href":"https:\/\/www.iotbras.com\/index.php?rest_route=%2Fwp%2Fv2%2Fcomments&post=176"}],"wp:featuredmedia":[{"embeddable":true,"href":"https:\/\/www.iotbras.com\/index.php?rest_route=\/wp\/v2\/media\/178"}],"wp:attachment":[{"href":"https:\/\/www.iotbras.com\/index.php?rest_route=%2Fwp%2Fv2%2Fmedia&parent=176"}],"wp:term":[{"taxonomy":"product_brand","embeddable":true,"href":"https:\/\/www.iotbras.com\/index.php?rest_route=%2Fwp%2Fv2%2Fproduct_brand&post=176"},{"taxonomy":"product_cat","embeddable":true,"href":"https:\/\/www.iotbras.com\/index.php?rest_route=%2Fwp%2Fv2%2Fproduct_cat&post=176"},{"taxonomy":"product_tag","embeddable":true,"href":"https:\/\/www.iotbras.com\/index.php?rest_route=%2Fwp%2Fv2%2Fproduct_tag&post=176"}],"curies":[{"name":"wp","href":"https:\/\/api.w.org\/{rel}","templated":true}]}}