{"id":110,"date":"2024-11-10T17:22:14","date_gmt":"2024-11-10T20:22:14","guid":{"rendered":"https:\/\/ibriot.com\/?post_type=product&#038;p=110"},"modified":"2025-08-20T06:18:08","modified_gmt":"2025-08-20T09:18:08","slug":"ibrbox-monitoramento","status":"publish","type":"product","link":"https:\/\/www.iotbras.com\/?product=ibrbox-monitoramento","title":{"rendered":"IBRBOX &#8211; Monitoramento de Temperatura"},"content":{"rendered":"<p>O IBRBOX faz monitoramento remoto via WiFi de temperatura, umidade, sinal digital (portas, ligado\/desligado, etc), rede el\u00e9trica ativa e n\u00edvel da bateria interna.<\/p>\n<p>Permite controlar 1 sa\u00edda a rel\u00ea a dist\u00e2ncia. Possui vers\u00e3o com bateria interna recarreg\u00e1vel.<\/p>\n<p>A configura\u00e7\u00e3o \u00e9 realizada diretamente na plataforma de monitoramento. A qual ir\u00e1 registrar os eventos e emitir relat\u00f3rios e notifica\u00e7\u00f5es de alertas por WhatsApp, SMS e Email.<\/p>\n<h2>Principais Caracter\u00edsticas<\/h2>\n<ul>\n<li>Alimenta\u00e7\u00e3o 12Vcc;<\/li>\n<li>Conex\u00e3o WiFi 2.4 GHz;<\/li>\n<li>Sensor NTC, mede faixa de -40\u00b0C at\u00e9 100\u00b0C;<\/li>\n<li>Sensor de umidade (0 a 100%);<\/li>\n<li>Sa\u00edda a rel\u00ea 5A;<\/li>\n<li>Entrada digital (tens\u00e3o m\u00e1xima de 30Vcc);<\/li>\n<li>Bateria de Lithium interna (Dura\u00e7\u00e3o de X horas);<\/li>\n<li>Sensor de rede el\u00e9trica presente;<\/li>\n<li>Faz registros a cada 10 min e em caso de altera\u00e7\u00e3o de estado na entrada digital e queda ou retorno da rede el\u00e9trica.<\/li>\n<\/ul>\n","protected":false},"excerpt":{"rendered":"<p>O IBRBOX faz monitoramento remoto via WiFi de temperatura, umidade, sinal digital (portas, ligado\/desligado, etc), rede el\u00e9trica ativa e n\u00edvel da bateria interna.<\/p>\n","protected":false},"featured_media":111,"comment_status":"open","ping_status":"closed","template":"","meta":{"_themeisle_gutenberg_block_has_review":false},"product_brand":[],"product_cat":[21],"product_tag":[],"class_list":{"0":"post-110","1":"product","2":"type-product","3":"status-publish","4":"has-post-thumbnail","6":"product_cat-monitoramento","8":"first","9":"instock","10":"shipping-taxable","11":"purchasable","12":"product-type-variable"},"_links":{"self":[{"href":"https:\/\/www.iotbras.com\/index.php?rest_route=\/wp\/v2\/product\/110","targetHints":{"allow":["GET"]}}],"collection":[{"href":"https:\/\/www.iotbras.com\/index.php?rest_route=\/wp\/v2\/product"}],"about":[{"href":"https:\/\/www.iotbras.com\/index.php?rest_route=\/wp\/v2\/types\/product"}],"replies":[{"embeddable":true,"href":"https:\/\/www.iotbras.com\/index.php?rest_route=%2Fwp%2Fv2%2Fcomments&post=110"}],"wp:featuredmedia":[{"embeddable":true,"href":"https:\/\/www.iotbras.com\/index.php?rest_route=\/wp\/v2\/media\/111"}],"wp:attachment":[{"href":"https:\/\/www.iotbras.com\/index.php?rest_route=%2Fwp%2Fv2%2Fmedia&parent=110"}],"wp:term":[{"taxonomy":"product_brand","embeddable":true,"href":"https:\/\/www.iotbras.com\/index.php?rest_route=%2Fwp%2Fv2%2Fproduct_brand&post=110"},{"taxonomy":"product_cat","embeddable":true,"href":"https:\/\/www.iotbras.com\/index.php?rest_route=%2Fwp%2Fv2%2Fproduct_cat&post=110"},{"taxonomy":"product_tag","embeddable":true,"href":"https:\/\/www.iotbras.com\/index.php?rest_route=%2Fwp%2Fv2%2Fproduct_tag&post=110"}],"curies":[{"name":"wp","href":"https:\/\/api.w.org\/{rel}","templated":true}]}}