{"id":39,"date":"2024-11-10T14:55:03","date_gmt":"2024-11-10T17:55:03","guid":{"rendered":"https:\/\/ibriot.com\/contact-page\/"},"modified":"2025-01-21T18:25:52","modified_gmt":"2025-01-21T21:25:52","slug":"contact-page","status":"publish","type":"page","link":"https:\/\/www.iotbras.com\/?page_id=39","title":{"rendered":"Nosso Contato"},"content":{"rendered":"\n<main class=\"wp-block-group is-layout-flow wp-container-core-group-is-layout-5e28f8c7 wp-block-group-is-layout-flow\" style=\"margin-top:0;margin-bottom:0;padding-top:0;padding-right:0;padding-bottom:0;padding-left:0\">\n<div class=\"wp-block-group alignfull has-ti-bg-alt-background-color has-background is-layout-constrained wp-container-core-group-is-layout-ca21e7af wp-block-group-is-layout-constrained\" style=\"margin-top:0;margin-bottom:0;padding-top:var(--wp--preset--spacing--80);padding-right:var(--wp--preset--spacing--40);padding-bottom:var(--wp--preset--spacing--80);padding-left:var(--wp--preset--spacing--40)\">\n<h1 class=\"wp-block-heading alignwide has-text-align-center\">Contato<\/h1>\n<\/div>\n\n\n\n<div class=\"wp-block-group alignfull is-layout-constrained wp-container-core-group-is-layout-e1639f40 wp-block-group-is-layout-constrained\" style=\"margin-top:0;margin-bottom:0;padding-top:var(--wp--preset--spacing--80);padding-right:var(--wp--preset--spacing--50);padding-bottom:var(--wp--preset--spacing--80);padding-left:var(--wp--preset--spacing--50)\">\n<div class=\"wp-block-columns alignwide is-layout-flex wp-container-core-columns-is-layout-f5a44f5b wp-block-columns-is-layout-flex\">\n<div class=\"wp-block-column is-vertically-aligned-top is-layout-flow wp-container-core-column-is-layout-9f77543f wp-block-column-is-layout-flow\">\n<h2 class=\"wp-block-heading\">D\u00favidas? Estamos aqui para ajudar!<\/h2>\n\n\n\n<p style=\"text-decoration:underline\"><\/p>\n\n\n\n<p><\/p>\n<\/div>\n\n\n\n<div class=\"wp-block-column is-layout-flow wp-block-column-is-layout-flow\" style=\"flex-basis:66%\">\n<div class=\"wp-block-group has-ti-bg-alt-background-color has-background is-layout-constrained wp-block-group-is-layout-constrained\" style=\"padding-top:var(--wp--preset--spacing--40);padding-bottom:var(--wp--preset--spacing--40)\">\n<details class=\"wp-block-details is-layout-flow wp-block-details-is-layout-flow\"><summary>Quais s\u00e3o nossos servi\u00e7os<\/summary>\n<p>N\u00f3s fornecemos equipamento para monitoramento de temperatura, umidade e estado (ligado\/desligado, aberto\/fechado, etc), al\u00e9m de permitir que voc\u00ea controle algum equipamento extra remotamente. <\/p>\n\n\n\n<p>Nossa plataforma monitora e alerta voc\u00ea se ocorrer qualquer problema via WhatsApp, SMS e Email. <\/p>\n<\/details>\n<\/div>\n\n\n\n<div class=\"wp-block-group has-ti-bg-alt-background-color has-background is-layout-constrained wp-block-group-is-layout-constrained\" style=\"padding-top:var(--wp--preset--spacing--40);padding-bottom:var(--wp--preset--spacing--40)\">\n<details class=\"wp-block-details is-layout-flow wp-block-details-is-layout-flow\"><summary>Quais \u00e1reas atuamos<\/summary>\n<p>Atuamos em diversas \u00e1reas como farm\u00e1cias, cl\u00ednicas, pet shops, mercados e outros.<\/p>\n<\/details>\n<\/div>\n\n\n\n<div class=\"wp-block-group has-ti-bg-alt-background-color has-background is-layout-constrained wp-block-group-is-layout-constrained\" style=\"padding-top:var(--wp--preset--spacing--40);padding-bottom:var(--wp--preset--spacing--40)\">\n<details class=\"wp-block-details is-layout-flow wp-block-details-is-layout-flow\"><summary>Como funciona o monitoramento?<\/summary>\n<p>Voc\u00ea deve adquirir o nosso dispositivo chamado IBRBOX e instalar no local desejado.<\/p>\n\n\n\n<p>Pronto, agora \u00e9 s\u00f3 acompanhar remotamente e extrair os relat\u00f3rios pela plataforma.<\/p>\n<\/details>\n<\/div>\n<\/div>\n<\/div>\n<\/div>\n\n\n\n<div class=\"wp-block-columns is-layout-flex wp-container-core-columns-is-layout-28f84493 wp-block-columns-is-layout-flex\">\n<div class=\"wp-block-column is-layout-flow wp-block-column-is-layout-flow\">\n<div class=\"wp-block-buttons is-content-justification-center is-layout-flex wp-container-core-buttons-is-layout-a89b3969 wp-block-buttons-is-layout-flex\">\n<div class=\"wp-block-button is-style-fill\"><a class=\"wp-block-button__link has-vivid-green-cyan-background-color has-background wp-element-button\" href=\"https:\/\/api.whatsapp.com\/send?phone=5547997755803&amp;text=Oi,%20quero%20falar%20sobre%20o%20IOTBRAS!\"><i class=\"fab fa-whatsapp\"><\/i> 47 9 91891070<\/a><\/div>\n<\/div>\n<\/div>\n\n\n\n<div class=\"wp-block-column is-vertically-aligned-center is-layout-flow wp-block-column-is-layout-flow\">\n<p class=\"has-text-align-center\">fale@iotbras.com<\/p>\n<\/div>\n<\/div>\n\n\n\n<div class=\"wp-block-group alignfull is-layout-constrained wp-container-core-group-is-layout-e1639f40 wp-block-group-is-layout-constrained\" style=\"margin-top:0;margin-bottom:0;padding-top:var(--wp--preset--spacing--80);padding-right:var(--wp--preset--spacing--50);padding-bottom:var(--wp--preset--spacing--80);padding-left:var(--wp--preset--spacing--50)\"><\/div>\n\n\n\n<div class=\"wp-block-group alignfull has-ti-bg-alt-background-color has-background is-layout-constrained wp-container-core-group-is-layout-b42db63c wp-block-group-is-layout-constrained\" style=\"margin-top:0;margin-bottom:0;padding-top:var(--wp--preset--spacing--80);padding-right:var(--wp--preset--spacing--50);padding-bottom:var(--wp--preset--spacing--80);padding-left:var(--wp--preset--spacing--50)\">\n<div class=\"wp-block-group alignwide has-ti-fg-alt-color has-ti-bg-inv-background-color has-text-color has-background has-link-color wp-elements-2657bfef9ce5745f83095bf7805c6bb2 is-layout-constrained wp-container-core-group-is-layout-94e519ba wp-block-group-is-layout-constrained\" style=\"border-radius:16px;padding-top:var(--wp--preset--spacing--80);padding-right:var(--wp--preset--spacing--40);padding-bottom:var(--wp--preset--spacing--80);padding-left:var(--wp--preset--spacing--40)\">\n<p class=\"has-text-align-center has-small-font-size\" style=\"font-style:normal;font-weight:600;text-transform:uppercase\">SUPORTE<\/p>\n\n\n\n<p class=\"has-text-align-center has-medium-font-size\">Para suporte t\u00e9cnico entre em contato pelo n\u00famero a seguir<\/p>\n\n\n\n<p class=\"has-text-align-center has-large-font-size\">(47) 9 9189-1070<\/p>\n\n\n\n<p class=\"has-text-align-center\">(somente WhatsApp)<\/p>\n<\/div>\n<\/div>\n<\/main>\n","protected":false},"excerpt":{"rendered":"<p>Contato D\u00favidas? Estamos aqui para ajudar! fale@iotbras.com SUPORTE Para suporte t\u00e9cnico entre em contato pelo n\u00famero a seguir (47) 9 9189-1070 (somente WhatsApp)<\/p>\n","protected":false},"author":1,"featured_media":0,"parent":0,"menu_order":0,"comment_status":"closed","ping_status":"closed","template":"template-plain","meta":{"_themeisle_gutenberg_block_has_review":false,"footnotes":""},"class_list":["post-39","page","type-page","status-publish","hentry"],"_links":{"self":[{"href":"https:\/\/www.iotbras.com\/index.php?rest_route=\/wp\/v2\/pages\/39","targetHints":{"allow":["GET"]}}],"collection":[{"href":"https:\/\/www.iotbras.com\/index.php?rest_route=\/wp\/v2\/pages"}],"about":[{"href":"https:\/\/www.iotbras.com\/index.php?rest_route=\/wp\/v2\/types\/page"}],"author":[{"embeddable":true,"href":"https:\/\/www.iotbras.com\/index.php?rest_route=\/wp\/v2\/users\/1"}],"replies":[{"embeddable":true,"href":"https:\/\/www.iotbras.com\/index.php?rest_route=%2Fwp%2Fv2%2Fcomments&post=39"}],"version-history":[{"count":4,"href":"https:\/\/www.iotbras.com\/index.php?rest_route=\/wp\/v2\/pages\/39\/revisions"}],"predecessor-version":[{"id":174,"href":"https:\/\/www.iotbras.com\/index.php?rest_route=\/wp\/v2\/pages\/39\/revisions\/174"}],"wp:attachment":[{"href":"https:\/\/www.iotbras.com\/index.php?rest_route=%2Fwp%2Fv2%2Fmedia&parent=39"}],"curies":[{"name":"wp","href":"https:\/\/api.w.org\/{rel}","templated":true}]}}